{"id":273,"date":"2018-06-05T18:23:38","date_gmt":"2018-06-05T16:23:38","guid":{"rendered":"http:\/\/gite-orchidee-sauvage.fr\/?page_id=273"},"modified":"2025-06-19T17:19:37","modified_gmt":"2025-06-19T15:19:37","slug":"accueil2","status":"publish","type":"page","link":"http:\/\/gite-orchidee-sauvage.fr\/","title":{"rendered":"Accueil"},"content":{"rendered":"<p><\/p><div class=\"alignnormal\"><div id=\"metaslider-id-444\" style=\"max-width: 450px; margin: 0 auto;\" class=\"ml-slider-3-98-0 metaslider metaslider-nivo metaslider-444 ml-slider ms-theme-outline has-dots-nav\" role=\"region\" aria-roledescription=\"Slideshow\" aria-label=\"Nouveau diaporama\" data-width=\"450\">\n    <div id=\"metaslider_container_444\">\n        <div class='slider-wrapper theme-default'><div class='ribbon'><\/div><div id='metaslider_444' class='nivoSlider'><img loading=\"lazy\" decoding=\"async\" src=\"http:\/\/gite-orchidee-sauvage.fr\/wp-content\/uploads\/2023\/04\/DSC_0696-scaled-450x230.jpg\" height=\"230\" width=\"450\" title=\"DSC_0696\" alt=\"\" class=\"slider-444 slide-599\" \/><img loading=\"lazy\" decoding=\"async\" src=\"http:\/\/gite-orchidee-sauvage.fr\/wp-content\/uploads\/2023\/04\/DSC_0694-scaled-450x230.jpg\" height=\"230\" width=\"450\" title=\"DSC_0694\" alt=\"\" class=\"slider-444 slide-600\" \/><img loading=\"lazy\" decoding=\"async\" src=\"http:\/\/gite-orchidee-sauvage.fr\/wp-content\/uploads\/2023\/04\/DSC_0691-scaled-450x230.jpg\" height=\"230\" width=\"450\" title=\"DSC_0691\" alt=\"\" class=\"slider-444 slide-601\" \/><img loading=\"lazy\" decoding=\"async\" src=\"http:\/\/gite-orchidee-sauvage.fr\/wp-content\/uploads\/2023\/04\/DSC_0688-scaled-450x230.jpg\" height=\"230\" width=\"450\" title=\"DSC_0688\" alt=\"\" class=\"slider-444 slide-602\" \/><img loading=\"lazy\" decoding=\"async\" src=\"http:\/\/gite-orchidee-sauvage.fr\/wp-content\/uploads\/2023\/04\/DSC_0685-scaled-450x230.jpg\" height=\"230\" width=\"450\" title=\"DSC_0685\" alt=\"\" class=\"slider-444 slide-603\" \/><img loading=\"lazy\" decoding=\"async\" src=\"http:\/\/gite-orchidee-sauvage.fr\/wp-content\/uploads\/2023\/04\/DSC_0682-scaled-450x230.jpg\" height=\"230\" width=\"450\" title=\"DSC_0682\" alt=\"\" class=\"slider-444 slide-604\" \/><img loading=\"lazy\" decoding=\"async\" src=\"http:\/\/gite-orchidee-sauvage.fr\/wp-content\/uploads\/2023\/04\/DSC_0680-scaled-450x230.jpg\" height=\"230\" width=\"450\" title=\"DSC_0680\" alt=\"\" class=\"slider-444 slide-605\" \/><img loading=\"lazy\" decoding=\"async\" src=\"http:\/\/gite-orchidee-sauvage.fr\/wp-content\/uploads\/2023\/04\/DSC_0674-scaled-450x230.jpg\" height=\"230\" width=\"450\" title=\"DSC_0674\" alt=\"\" class=\"slider-444 slide-606\" \/><img loading=\"lazy\" decoding=\"async\" src=\"http:\/\/gite-orchidee-sauvage.fr\/wp-content\/uploads\/2023\/04\/DSC_0673-scaled-450x230.jpg\" height=\"230\" width=\"450\" title=\"DSC_0673\" alt=\"\" class=\"slider-444 slide-607\" \/><img loading=\"lazy\" decoding=\"async\" src=\"http:\/\/gite-orchidee-sauvage.fr\/wp-content\/uploads\/2023\/04\/DSC_0665-scaled-450x230.jpg\" height=\"230\" width=\"450\" title=\"DSC_0665\" alt=\"\" class=\"slider-444 slide-608\" \/><img loading=\"lazy\" decoding=\"async\" src=\"http:\/\/gite-orchidee-sauvage.fr\/wp-content\/uploads\/2023\/04\/DSC_0662-scaled-450x230.jpg\" height=\"230\" width=\"450\" title=\"DSC_0662\" alt=\"\" class=\"slider-444 slide-609\" \/><img loading=\"lazy\" decoding=\"async\" src=\"http:\/\/gite-orchidee-sauvage.fr\/wp-content\/uploads\/2023\/04\/DSC_0659-scaled-450x230.jpg\" height=\"230\" width=\"450\" title=\"DSC_0659\" alt=\"\" class=\"slider-444 slide-610\" \/><img loading=\"lazy\" decoding=\"async\" src=\"http:\/\/gite-orchidee-sauvage.fr\/wp-content\/uploads\/2023\/04\/DSC_0658-scaled-450x230.jpg\" height=\"230\" width=\"450\" title=\"DSC_0658\" alt=\"\" class=\"slider-444 slide-611\" \/><img loading=\"lazy\" decoding=\"async\" src=\"http:\/\/gite-orchidee-sauvage.fr\/wp-content\/uploads\/2023\/04\/DSC_0650-scaled-450x230.jpg\" height=\"230\" width=\"450\" title=\"DSC_0650\" alt=\"\" class=\"slider-444 slide-612\" \/><img loading=\"lazy\" decoding=\"async\" src=\"http:\/\/gite-orchidee-sauvage.fr\/wp-content\/uploads\/2023\/04\/DSC_0649-scaled-450x230.jpg\" height=\"230\" width=\"450\" title=\"DSC_0649\" alt=\"\" class=\"slider-444 slide-613\" \/><img loading=\"lazy\" decoding=\"async\" src=\"http:\/\/gite-orchidee-sauvage.fr\/wp-content\/uploads\/2023\/04\/DSC_0646-scaled-450x230.jpg\" height=\"230\" width=\"450\" title=\"DSC_0646\" alt=\"\" class=\"slider-444 slide-614\" \/><img loading=\"lazy\" decoding=\"async\" src=\"http:\/\/gite-orchidee-sauvage.fr\/wp-content\/uploads\/2023\/04\/DSC_0641-scaled-450x230.jpg\" height=\"230\" width=\"450\" title=\"DSC_0641\" alt=\"\" class=\"slider-444 slide-615\" \/><img loading=\"lazy\" decoding=\"async\" src=\"http:\/\/gite-orchidee-sauvage.fr\/wp-content\/uploads\/2023\/04\/DSC_0637-scaled-450x230.jpg\" height=\"230\" width=\"450\" title=\"DSC_0637\" alt=\"\" class=\"slider-444 slide-616\" \/><img loading=\"lazy\" decoding=\"async\" src=\"http:\/\/gite-orchidee-sauvage.fr\/wp-content\/uploads\/2023\/04\/DSC_0642-scaled-450x230.jpg\" height=\"230\" width=\"450\" title=\"DSC_0642\" alt=\"\" class=\"slider-444 slide-617\" \/><\/div><\/div>\n        \n    <\/div>\n<\/div><\/div><p class=\"has-text-align-center\" style=\"font-size:28px\"><\/p><blockquote class=\"wp-block-quote is-layout-flow wp-block-quote-is-layout-flow\"><p class=\"has-black-color has-text-color has-link-color has-larger-font-size wp-elements-058fc6e89c21f4ce014a8d1a2aa94c8f\"><em><strong>L&rsquo;Orchid\u00e9e Sauvage<\/strong> <\/em><\/p>\n\n<p class=\"has-text-color has-link-color wp-elements-9faf9a613862d6c2d023678a4d8baabd\" style=\"color:#be3b3b\"><strong>G\u00eete &#8211; Restaurant &#8211; Bar<\/strong> <\/p>\n\n<p><\/p>\n\n<p>Nos g\u00eetes sont ouvert \u00e0 l&rsquo;ann\u00e9e. <\/p>\n\n<p>Le restaurant et le bar sont ouvert du 1er Mai au 31 Octobre.<\/p>\n\n<p><\/p>\n\n<p><strong><em>Horaires d&rsquo;ouverture :<\/em><\/strong><\/p>\n\n<p> -Mai \/ Juin ->  Les week-ends et jours f\u00e9ri\u00e9s <\/p>\n\n<p> -Juillet \/ Ao\u00fbt -> Ouvert tous les jours <\/p>\n\n<p> -Septembre \/ Octobre -> Les week-ends  <\/p>\n\n<p><\/p><\/blockquote><p><\/p>","protected":false},"excerpt":{"rendered":"<p>L&rsquo;Orchid\u00e9e Sauvage G\u00eete &#8211; Restaurant &#8211; Bar Nos g\u00eetes sont ouvert \u00e0 l&rsquo;ann\u00e9e. Le restaurant et le bar sont ouvert du 1er Mai au 31 Octobre. Horaires d&rsquo;ouverture : -Mai \/ Juin -> Les week-ends et jours f\u00e9ri\u00e9s -Juillet \/ Ao\u00fbt -> Ouvert tous les jours -Septembre \/ Octobre -> Les week-ends<\/p>\n","protected":false},"author":1,"featured_media":150,"parent":0,"menu_order":0,"comment_status":"closed","ping_status":"closed","template":"","meta":{"footnotes":""},"class_list":["post-273","page","type-page","status-publish","has-post-thumbnail","hentry","nodate","item-wrap"],"_links":{"self":[{"href":"http:\/\/gite-orchidee-sauvage.fr\/index.php?rest_route=\/wp\/v2\/pages\/273","targetHints":{"allow":["GET"]}}],"collection":[{"href":"http:\/\/gite-orchidee-sauvage.fr\/index.php?rest_route=\/wp\/v2\/pages"}],"about":[{"href":"http:\/\/gite-orchidee-sauvage.fr\/index.php?rest_route=\/wp\/v2\/types\/page"}],"author":[{"embeddable":true,"href":"http:\/\/gite-orchidee-sauvage.fr\/index.php?rest_route=\/wp\/v2\/users\/1"}],"replies":[{"embeddable":true,"href":"http:\/\/gite-orchidee-sauvage.fr\/index.php?rest_route=%2Fwp%2Fv2%2Fcomments&post=273"}],"version-history":[{"count":32,"href":"http:\/\/gite-orchidee-sauvage.fr\/index.php?rest_route=\/wp\/v2\/pages\/273\/revisions"}],"predecessor-version":[{"id":817,"href":"http:\/\/gite-orchidee-sauvage.fr\/index.php?rest_route=\/wp\/v2\/pages\/273\/revisions\/817"}],"wp:featuredmedia":[{"embeddable":true,"href":"http:\/\/gite-orchidee-sauvage.fr\/index.php?rest_route=\/wp\/v2\/media\/150"}],"wp:attachment":[{"href":"http:\/\/gite-orchidee-sauvage.fr\/index.php?rest_route=%2Fwp%2Fv2%2Fmedia&parent=273"}],"curies":[{"name":"wp","href":"https:\/\/api.w.org\/{rel}","templated":true}]}}